{"id":158,"date":"2023-09-15T10:05:59","date_gmt":"2023-09-15T08:05:59","guid":{"rendered":"https:\/\/dev2.ideos.cat\/innova\/?page_id=158"},"modified":"2026-01-23T10:19:21","modified_gmt":"2026-01-23T09:19:21","slug":"igualdad-de-genero","status":"publish","type":"page","link":"https:\/\/generainnovacio.com\/es\/igualdad-de-genero\/","title":{"rendered":"Igualdad de g\u00e9nero"},"content":{"rendered":"\t\t<div data-elementor-type=\"wp-page\" data-elementor-id=\"158\" class=\"elementor elementor-158\" data-elementor-post-type=\"page\">\n\t\t\t\t<div class=\"elementor-element elementor-element-a233894 e-con-full e-flex e-con e-parent\" data-id=\"a233894\" data-element_type=\"container\" data-e-type=\"container\">\n\t\t\t\t<div class=\"elementor-element elementor-element-7a3ac5a elementor--v-position-bottom elementor--h-position-center elementor-arrows-position-inside elementor-widget elementor-widget-slides\" data-id=\"7a3ac5a\" data-element_type=\"widget\" data-e-type=\"widget\" data-settings=\"{&quot;navigation&quot;:&quot;arrows&quot;,&quot;autoplay&quot;:&quot;yes&quot;,&quot;pause_on_hover&quot;:&quot;yes&quot;,&quot;pause_on_interaction&quot;:&quot;yes&quot;,&quot;autoplay_speed&quot;:5000,&quot;infinite&quot;:&quot;yes&quot;,&quot;transition&quot;:&quot;slide&quot;,&quot;transition_speed&quot;:500}\" data-widget_type=\"slides.default\">\n\t\t\t\t<div class=\"elementor-widget-container\">\n\t\t\t\t\t\t\t\t\t<div class=\"elementor-swiper\">\n\t\t\t\t\t<div class=\"elementor-slides-wrapper elementor-main-swiper swiper\" role=\"region\" aria-roledescription=\"carousel\" aria-label=\"Diapositives\" dir=\"ltr\" data-animation=\"fadeInUp\">\n\t\t\t\t<div class=\"swiper-wrapper elementor-slides\">\n\t\t\t\t\t\t\t\t\t\t<div class=\"elementor-repeater-item-168d11f swiper-slide\" role=\"group\" aria-roledescription=\"slide\"><div class=\"swiper-slide-bg\" role=\"img\" aria-label=\"genera-innovacio-igualtat\"><\/div><div class=\"elementor-background-overlay\"><\/div><div class=\"swiper-slide-inner\" ><div class=\"swiper-slide-contents\"><h1 class=\"elementor-slide-heading\">IGUALDAD <span class=\"lin\"> DE G\u00c9NERO<\/span><\/h1><h2 class=\"elementor-slide-description\">Planes de igualdad, auditor\u00edas retributivas y formaci\u00f3n especializada para entidades p\u00fablicas y privadas.<\/h2><\/div><\/div><\/div>\t\t\t\t<\/div>\n\t\t\t\t\t\t\t<\/div>\n\t\t\t\t<\/div>\n\t\t\t\t\t\t\t\t<\/div>\n\t\t\t\t<\/div>\n\t\t\t\t<\/div>\n\t\t<div class=\"elementor-element elementor-element-d06d5fe e-flex e-con-boxed e-con e-parent\" data-id=\"d06d5fe\" data-element_type=\"container\" data-e-type=\"container\" data-settings=\"{&quot;background_background&quot;:&quot;classic&quot;}\">\n\t\t\t\t\t<div class=\"e-con-inner\">\n\t\t\t\t<div class=\"elementor-element elementor-element-c40949f elementor-widget elementor-widget-text-editor\" data-id=\"c40949f\" data-element_type=\"widget\" data-e-type=\"widget\" data-widget_type=\"text-editor.default\">\n\t\t\t\t<div class=\"elementor-widget-container\">\n\t\t\t\t\t\t\t\t\t<p>Consultor\u00eda experta en la implementaci\u00f3n de igualdad de g\u00e9nero en las organizaciones. Elaboraci\u00f3n de planes de igualdad, protocolos de acoso, registros retributivos y auditor\u00edas retributivas desde la perspectiva de g\u00e9nero, desde 2012.\u00a0<\/p>\t\t\t\t\t\t\t\t<\/div>\n\t\t\t\t<\/div>\n\t\t\t\t\t<\/div>\n\t\t\t\t<\/div>\n\t\t<div class=\"elementor-element elementor-element-91fe814 e-flex e-con-boxed e-con e-parent\" data-id=\"91fe814\" data-element_type=\"container\" data-e-type=\"container\">\n\t\t\t\t\t<div class=\"e-con-inner\">\n\t\t\t\t<div class=\"elementor-element elementor-element-a244e01 elementor-widget elementor-widget-heading\" data-id=\"a244e01\" data-element_type=\"widget\" data-e-type=\"widget\" data-widget_type=\"heading.default\">\n\t\t\t\t<div class=\"elementor-widget-container\">\n\t\t\t\t\t<h2 class=\"elementor-heading-title elementor-size-default\">Nuestros Servicios: Consultor\u00eda y Formaci\u00f3n<\/h2>\t\t\t\t<\/div>\n\t\t\t\t<\/div>\n\t\t\t\t\t<\/div>\n\t\t\t\t<\/div>\n\t\t<div class=\"elementor-element elementor-element-a6b8b69 e-con-full e-flex e-con e-parent\" data-id=\"a6b8b69\" data-element_type=\"container\" data-e-type=\"container\">\n\t\t<div class=\"elementor-element elementor-element-38aa64c e-con-full e-flex e-con e-child\" data-id=\"38aa64c\" data-element_type=\"container\" data-e-type=\"container\" data-settings=\"{&quot;background_background&quot;:&quot;classic&quot;}\">\n\t\t\t\t<div class=\"elementor-element elementor-element-fa2ee4c elementor-widget elementor-widget-heading\" data-id=\"fa2ee4c\" data-element_type=\"widget\" data-e-type=\"widget\" data-widget_type=\"heading.default\">\n\t\t\t\t<div class=\"elementor-widget-container\">\n\t\t\t\t\t<h3 class=\"elementor-heading-title elementor-size-default\">Planes de igualdad y acompa\u00f1amiento t\u00e9cnico<\/h3>\t\t\t\t<\/div>\n\t\t\t\t<\/div>\n\t\t\t\t<div class=\"elementor-element elementor-element-bf9f2cf elementor-align-start elementor-icon-list--layout-traditional elementor-list-item-link-full_width elementor-widget elementor-widget-icon-list\" data-id=\"bf9f2cf\" data-element_type=\"widget\" data-e-type=\"widget\" data-widget_type=\"icon-list.default\">\n\t\t\t\t<div class=\"elementor-widget-container\">\n\t\t\t\t\t\t\t<ul class=\"elementor-icon-list-items\">\n\t\t\t\t\t\t\t<li class=\"elementor-icon-list-item\">\n\t\t\t\t\t\t\t\t\t\t\t<span class=\"elementor-icon-list-icon\">\n\t\t\t\t\t\t\t<svg xmlns=\"http:\/\/www.w3.org\/2000\/svg\" id=\"a617fb3a-f600-4361-818b-b52870c1d20d\" data-name=\"inno4\" viewBox=\"0 0 164.13 164.14\"><defs><style>.e95eede6-3069-48c4-b19e-e21d4672d1c8{fill:none;stroke:#82368c;stroke-miterlimit:10;stroke-width:33.77px;}<\/style><\/defs><path class=\"e95eede6-3069-48c4-b19e-e21d4672d1c8\" d=\"M25.25,90.19a65.18,65.18,0,1,0,130.36,0c0-32.4-32.78-65.19-65.18-65.19A65.19,65.19,0,0,0,25.25,90.19Z\" transform=\"translate(-8.36 -8.12)\"><\/path><\/svg>\t\t\t\t\t\t<\/span>\n\t\t\t\t\t\t\t\t\t\t<span class=\"elementor-icon-list-text\">Planes de igualdad internos y territoriales.<\/span>\n\t\t\t\t\t\t\t\t\t<\/li>\n\t\t\t\t\t\t\t\t<li class=\"elementor-icon-list-item\">\n\t\t\t\t\t\t\t\t\t\t\t<span class=\"elementor-icon-list-icon\">\n\t\t\t\t\t\t\t<svg xmlns=\"http:\/\/www.w3.org\/2000\/svg\" id=\"a617fb3a-f600-4361-818b-b52870c1d20d\" data-name=\"inno4\" viewBox=\"0 0 164.13 164.14\"><defs><style>.e95eede6-3069-48c4-b19e-e21d4672d1c8{fill:none;stroke:#82368c;stroke-miterlimit:10;stroke-width:33.77px;}<\/style><\/defs><path class=\"e95eede6-3069-48c4-b19e-e21d4672d1c8\" d=\"M25.25,90.19a65.18,65.18,0,1,0,130.36,0c0-32.4-32.78-65.19-65.18-65.19A65.19,65.19,0,0,0,25.25,90.19Z\" transform=\"translate(-8.36 -8.12)\"><\/path><\/svg>\t\t\t\t\t\t<\/span>\n\t\t\t\t\t\t\t\t\t\t<span class=\"elementor-icon-list-text\">Diagn\u00f3sticos de g\u00e9nero.<\/span>\n\t\t\t\t\t\t\t\t\t<\/li>\n\t\t\t\t\t\t\t\t<li class=\"elementor-icon-list-item\">\n\t\t\t\t\t\t\t\t\t\t\t<span class=\"elementor-icon-list-icon\">\n\t\t\t\t\t\t\t<svg xmlns=\"http:\/\/www.w3.org\/2000\/svg\" id=\"a617fb3a-f600-4361-818b-b52870c1d20d\" data-name=\"inno4\" viewBox=\"0 0 164.13 164.14\"><defs><style>.e95eede6-3069-48c4-b19e-e21d4672d1c8{fill:none;stroke:#82368c;stroke-miterlimit:10;stroke-width:33.77px;}<\/style><\/defs><path class=\"e95eede6-3069-48c4-b19e-e21d4672d1c8\" d=\"M25.25,90.19a65.18,65.18,0,1,0,130.36,0c0-32.4-32.78-65.19-65.18-65.19A65.19,65.19,0,0,0,25.25,90.19Z\" transform=\"translate(-8.36 -8.12)\"><\/path><\/svg>\t\t\t\t\t\t<\/span>\n\t\t\t\t\t\t\t\t\t\t<span class=\"elementor-icon-list-text\">Informes de impacto y auditor\u00edas retributivas.<\/span>\n\t\t\t\t\t\t\t\t\t<\/li>\n\t\t\t\t\t\t\t\t<li class=\"elementor-icon-list-item\">\n\t\t\t\t\t\t\t\t\t\t\t<span class=\"elementor-icon-list-icon\">\n\t\t\t\t\t\t\t<svg xmlns=\"http:\/\/www.w3.org\/2000\/svg\" id=\"a617fb3a-f600-4361-818b-b52870c1d20d\" data-name=\"inno4\" viewBox=\"0 0 164.13 164.14\"><defs><style>.e95eede6-3069-48c4-b19e-e21d4672d1c8{fill:none;stroke:#82368c;stroke-miterlimit:10;stroke-width:33.77px;}<\/style><\/defs><path class=\"e95eede6-3069-48c4-b19e-e21d4672d1c8\" d=\"M25.25,90.19a65.18,65.18,0,1,0,130.36,0c0-32.4-32.78-65.19-65.18-65.19A65.19,65.19,0,0,0,25.25,90.19Z\" transform=\"translate(-8.36 -8.12)\"><\/path><\/svg>\t\t\t\t\t\t<\/span>\n\t\t\t\t\t\t\t\t\t\t<span class=\"elementor-icon-list-text\">Seguimiento e informes de evaluaci\u00f3n.<\/span>\n\t\t\t\t\t\t\t\t\t<\/li>\n\t\t\t\t\t\t<\/ul>\n\t\t\t\t\t\t<\/div>\n\t\t\t\t<\/div>\n\t\t\t\t<div class=\"elementor-element elementor-element-1f18dfc elementor-align-left elementor-invisible elementor-widget elementor-widget-button\" data-id=\"1f18dfc\" data-element_type=\"widget\" data-e-type=\"widget\" data-settings=\"{&quot;_animation&quot;:&quot;fadeIn&quot;}\" data-widget_type=\"button.default\">\n\t\t\t\t<div class=\"elementor-widget-container\">\n\t\t\t\t\t\t\t\t\t<div class=\"elementor-button-wrapper\">\n\t\t\t\t\t<a class=\"elementor-button elementor-button-link elementor-size-sm\" href=\"https:\/\/generainnovacio.com\/es\/nuestros-proyectos\/#proyectos-igualdad-genero\">\n\t\t\t\t\t\t<span class=\"elementor-button-content-wrapper\">\n\t\t\t\t\t\t\t\t\t<span class=\"elementor-button-text\">Ver proyectos<\/span>\n\t\t\t\t\t<\/span>\n\t\t\t\t\t<\/a>\n\t\t\t\t<\/div>\n\t\t\t\t\t\t\t\t<\/div>\n\t\t\t\t<\/div>\n\t\t\t\t<\/div>\n\t\t<div class=\"elementor-element elementor-element-9fbe213 e-con-full e-flex e-con e-child\" data-id=\"9fbe213\" data-element_type=\"container\" data-e-type=\"container\" data-settings=\"{&quot;background_background&quot;:&quot;classic&quot;}\">\n\t\t\t\t<div class=\"elementor-element elementor-element-b30175c elementor-widget elementor-widget-heading\" data-id=\"b30175c\" data-element_type=\"widget\" data-e-type=\"widget\" data-widget_type=\"heading.default\">\n\t\t\t\t<div class=\"elementor-widget-container\">\n\t\t\t\t\t<h3 class=\"elementor-heading-title elementor-size-default\">Protocolos y auditor\u00edas especializadas\nProtocolos contra el acoso sexual y por raz\u00f3n de sexo.<\/h3>\t\t\t\t<\/div>\n\t\t\t\t<\/div>\n\t\t\t\t<div class=\"elementor-element elementor-element-0ba6e64 elementor-align-start elementor-icon-list--layout-traditional elementor-list-item-link-full_width elementor-widget elementor-widget-icon-list\" data-id=\"0ba6e64\" data-element_type=\"widget\" data-e-type=\"widget\" data-widget_type=\"icon-list.default\">\n\t\t\t\t<div class=\"elementor-widget-container\">\n\t\t\t\t\t\t\t<ul class=\"elementor-icon-list-items\">\n\t\t\t\t\t\t\t<li class=\"elementor-icon-list-item\">\n\t\t\t\t\t\t\t\t\t\t\t<span class=\"elementor-icon-list-icon\">\n\t\t\t\t\t\t\t<svg xmlns=\"http:\/\/www.w3.org\/2000\/svg\" id=\"a617fb3a-f600-4361-818b-b52870c1d20d\" data-name=\"inno4\" viewBox=\"0 0 164.13 164.14\"><defs><style>.e95eede6-3069-48c4-b19e-e21d4672d1c8{fill:none;stroke:#82368c;stroke-miterlimit:10;stroke-width:33.77px;}<\/style><\/defs><path class=\"e95eede6-3069-48c4-b19e-e21d4672d1c8\" d=\"M25.25,90.19a65.18,65.18,0,1,0,130.36,0c0-32.4-32.78-65.19-65.18-65.19A65.19,65.19,0,0,0,25.25,90.19Z\" transform=\"translate(-8.36 -8.12)\"><\/path><\/svg>\t\t\t\t\t\t<\/span>\n\t\t\t\t\t\t\t\t\t\t<span class=\"elementor-icon-list-text\">Auditor\u00edas de g\u00e9nero y revisi\u00f3n documental con perspectiva inclusiva.<\/span>\n\t\t\t\t\t\t\t\t\t<\/li>\n\t\t\t\t\t\t\t\t<li class=\"elementor-icon-list-item\">\n\t\t\t\t\t\t\t\t\t\t\t<span class=\"elementor-icon-list-icon\">\n\t\t\t\t\t\t\t<svg xmlns=\"http:\/\/www.w3.org\/2000\/svg\" id=\"a617fb3a-f600-4361-818b-b52870c1d20d\" data-name=\"inno4\" viewBox=\"0 0 164.13 164.14\"><defs><style>.e95eede6-3069-48c4-b19e-e21d4672d1c8{fill:none;stroke:#82368c;stroke-miterlimit:10;stroke-width:33.77px;}<\/style><\/defs><path class=\"e95eede6-3069-48c4-b19e-e21d4672d1c8\" d=\"M25.25,90.19a65.18,65.18,0,1,0,130.36,0c0-32.4-32.78-65.19-65.18-65.19A65.19,65.19,0,0,0,25.25,90.19Z\" transform=\"translate(-8.36 -8.12)\"><\/path><\/svg>\t\t\t\t\t\t<\/span>\n\t\t\t\t\t\t\t\t\t\t<span class=\"elementor-icon-list-text\">Informes para contrataci\u00f3n p\u00fablica y subvenciones.<\/span>\n\t\t\t\t\t\t\t\t\t<\/li>\n\t\t\t\t\t\t<\/ul>\n\t\t\t\t\t\t<\/div>\n\t\t\t\t<\/div>\n\t\t\t\t<div class=\"elementor-element elementor-element-14d3f1d elementor-align-left elementor-invisible elementor-widget elementor-widget-button\" data-id=\"14d3f1d\" data-element_type=\"widget\" data-e-type=\"widget\" data-settings=\"{&quot;_animation&quot;:&quot;fadeIn&quot;}\" data-widget_type=\"button.default\">\n\t\t\t\t<div class=\"elementor-widget-container\">\n\t\t\t\t\t\t\t\t\t<div class=\"elementor-button-wrapper\">\n\t\t\t\t\t<a class=\"elementor-button elementor-button-link elementor-size-sm\" href=\"https:\/\/generainnovacio.com\/es\/nuestros-proyectos\/#proyectos-igualdad-genero\">\n\t\t\t\t\t\t<span class=\"elementor-button-content-wrapper\">\n\t\t\t\t\t\t\t\t\t<span class=\"elementor-button-text\">Ver proyectos<\/span>\n\t\t\t\t\t<\/span>\n\t\t\t\t\t<\/a>\n\t\t\t\t<\/div>\n\t\t\t\t\t\t\t\t<\/div>\n\t\t\t\t<\/div>\n\t\t\t\t<\/div>\n\t\t<div class=\"elementor-element elementor-element-2e93fc1 e-con-full e-flex e-con e-child\" data-id=\"2e93fc1\" data-element_type=\"container\" data-e-type=\"container\" data-settings=\"{&quot;background_background&quot;:&quot;classic&quot;}\">\n\t\t\t\t<div class=\"elementor-element elementor-element-ce8649f elementor-widget elementor-widget-heading\" data-id=\"ce8649f\" data-element_type=\"widget\" data-e-type=\"widget\" data-widget_type=\"heading.default\">\n\t\t\t\t<div class=\"elementor-widget-container\">\n\t\t\t\t\t<h3 class=\"elementor-heading-title elementor-size-default\"> Formaci\u00f3n y sensibilizaci\u00f3n\nProgramas a medida para administraciones p\u00fablicas.<\/h3>\t\t\t\t<\/div>\n\t\t\t\t<\/div>\n\t\t\t\t<div class=\"elementor-element elementor-element-afb12e9 elementor-align-start elementor-icon-list--layout-traditional elementor-list-item-link-full_width elementor-widget elementor-widget-icon-list\" data-id=\"afb12e9\" data-element_type=\"widget\" data-e-type=\"widget\" data-widget_type=\"icon-list.default\">\n\t\t\t\t<div class=\"elementor-widget-container\">\n\t\t\t\t\t\t\t<ul class=\"elementor-icon-list-items\">\n\t\t\t\t\t\t\t<li class=\"elementor-icon-list-item\">\n\t\t\t\t\t\t\t\t\t\t\t<span class=\"elementor-icon-list-icon\">\n\t\t\t\t\t\t\t<svg xmlns=\"http:\/\/www.w3.org\/2000\/svg\" id=\"a617fb3a-f600-4361-818b-b52870c1d20d\" data-name=\"inno4\" viewBox=\"0 0 164.13 164.14\"><defs><style>.e95eede6-3069-48c4-b19e-e21d4672d1c8{fill:none;stroke:#82368c;stroke-miterlimit:10;stroke-width:33.77px;}<\/style><\/defs><path class=\"e95eede6-3069-48c4-b19e-e21d4672d1c8\" d=\"M25.25,90.19a65.18,65.18,0,1,0,130.36,0c0-32.4-32.78-65.19-65.18-65.19A65.19,65.19,0,0,0,25.25,90.19Z\" transform=\"translate(-8.36 -8.12)\"><\/path><\/svg>\t\t\t\t\t\t<\/span>\n\t\t\t\t\t\t\t\t\t\t<span class=\"elementor-icon-list-text\">Formaci\u00f3n en igualdad, diversidad y enfoque LGTBI.<\/span>\n\t\t\t\t\t\t\t\t\t<\/li>\n\t\t\t\t\t\t\t\t<li class=\"elementor-icon-list-item\">\n\t\t\t\t\t\t\t\t\t\t\t<span class=\"elementor-icon-list-icon\">\n\t\t\t\t\t\t\t<svg xmlns=\"http:\/\/www.w3.org\/2000\/svg\" id=\"a617fb3a-f600-4361-818b-b52870c1d20d\" data-name=\"inno4\" viewBox=\"0 0 164.13 164.14\"><defs><style>.e95eede6-3069-48c4-b19e-e21d4672d1c8{fill:none;stroke:#82368c;stroke-miterlimit:10;stroke-width:33.77px;}<\/style><\/defs><path class=\"e95eede6-3069-48c4-b19e-e21d4672d1c8\" d=\"M25.25,90.19a65.18,65.18,0,1,0,130.36,0c0-32.4-32.78-65.19-65.18-65.19A65.19,65.19,0,0,0,25.25,90.19Z\" transform=\"translate(-8.36 -8.12)\"><\/path><\/svg>\t\t\t\t\t\t<\/span>\n\t\t\t\t\t\t\t\t\t\t<span class=\"elementor-icon-list-text\">Formaci\u00f3n de equipos de referencia en igualdad.<\/span>\n\t\t\t\t\t\t\t\t\t<\/li>\n\t\t\t\t\t\t<\/ul>\n\t\t\t\t\t\t<\/div>\n\t\t\t\t<\/div>\n\t\t\t\t<div class=\"elementor-element elementor-element-7f82363 elementor-align-left elementor-invisible elementor-widget elementor-widget-button\" data-id=\"7f82363\" data-element_type=\"widget\" data-e-type=\"widget\" data-settings=\"{&quot;_animation&quot;:&quot;fadeIn&quot;}\" data-widget_type=\"button.default\">\n\t\t\t\t<div class=\"elementor-widget-container\">\n\t\t\t\t\t\t\t\t\t<div class=\"elementor-button-wrapper\">\n\t\t\t\t\t<a class=\"elementor-button elementor-button-link elementor-size-sm\" href=\"https:\/\/generainnovacio.com\/es\/nuestros-proyectos\/#proyectos-igualdad-genero\">\n\t\t\t\t\t\t<span class=\"elementor-button-content-wrapper\">\n\t\t\t\t\t\t\t\t\t<span class=\"elementor-button-text\">Ver proyectos<\/span>\n\t\t\t\t\t<\/span>\n\t\t\t\t\t<\/a>\n\t\t\t\t<\/div>\n\t\t\t\t\t\t\t\t<\/div>\n\t\t\t\t<\/div>\n\t\t\t\t<\/div>\n\t\t\t\t<\/div>\n\t\t<div class=\"elementor-element elementor-element-3295702 e-flex e-con-boxed e-con e-parent\" data-id=\"3295702\" data-element_type=\"container\" data-e-type=\"container\">\n\t\t\t\t\t<div class=\"e-con-inner\">\n\t\t\t\t<div class=\"elementor-element elementor-element-53ff610 elementor-widget elementor-widget-heading\" data-id=\"53ff610\" data-element_type=\"widget\" data-e-type=\"widget\" data-widget_type=\"heading.default\">\n\t\t\t\t<div class=\"elementor-widget-container\">\n\t\t\t\t\t<h2 class=\"elementor-heading-title elementor-size-default\">Experiencia y proyectos destacados<\/h2>\t\t\t\t<\/div>\n\t\t\t\t<\/div>\n\t\t\t\t\t<\/div>\n\t\t\t\t<\/div>\n\t\t<div class=\"elementor-element elementor-element-9294962 e-flex e-con-boxed e-con e-parent\" data-id=\"9294962\" data-element_type=\"container\" data-e-type=\"container\" data-settings=\"{&quot;background_background&quot;:&quot;classic&quot;}\">\n\t\t\t\t\t<div class=\"e-con-inner\">\n\t\t\t\t<div class=\"elementor-element elementor-element-96ad5cc elementor-widget elementor-widget-text-editor\" data-id=\"96ad5cc\" data-element_type=\"widget\" data-e-type=\"widget\" data-widget_type=\"text-editor.default\">\n\t\t\t\t<div class=\"elementor-widget-container\">\n\t\t\t\t\t\t\t\t\tPonte en manos de profesionales en la materia. \t\t\t\t\t\t\t\t<\/div>\n\t\t\t\t<\/div>\n\t\t\t\t<div class=\"elementor-element elementor-element-8510ec9 elementor-headline--style-highlight elementor-widget elementor-widget-animated-headline\" data-id=\"8510ec9\" data-element_type=\"widget\" data-e-type=\"widget\" data-settings=\"{&quot;marker&quot;:&quot;underline&quot;,&quot;highlighted_text&quot;:&quot;Hablamos&quot;,&quot;headline_style&quot;:&quot;highlight&quot;,&quot;loop&quot;:&quot;yes&quot;,&quot;highlight_animation_duration&quot;:1200,&quot;highlight_iteration_delay&quot;:8000}\" data-widget_type=\"animated-headline.default\">\n\t\t\t\t<div class=\"elementor-widget-container\">\n\t\t\t\t\t\t\t<h3 class=\"elementor-headline\">\n\t\t\t\t<span class=\"elementor-headline-dynamic-wrapper elementor-headline-text-wrapper\">\n\t\t\t\t\t<span class=\"elementor-headline-dynamic-text elementor-headline-text-active\">Hablamos<\/span>\n\t\t\t\t<\/span>\n\t\t\t\t<\/h3>\n\t\t\t\t\t\t<\/div>\n\t\t\t\t<\/div>\n\t\t<div class=\"elementor-element elementor-element-72f19dd e-con-full e-flex e-con e-child\" data-id=\"72f19dd\" data-element_type=\"container\" data-e-type=\"container\">\n\t\t<div class=\"elementor-element elementor-element-b79499e e-con-full e-flex e-con e-child\" data-id=\"b79499e\" data-element_type=\"container\" data-e-type=\"container\">\n\t\t\t\t<div class=\"elementor-element elementor-element-a928998 elementor-widget elementor-widget-heading\" data-id=\"a928998\" data-element_type=\"widget\" data-e-type=\"widget\" data-widget_type=\"heading.default\">\n\t\t\t\t<div class=\"elementor-widget-container\">\n\t\t\t\t\t<h3 class=\"elementor-heading-title elementor-size-default\">Llamanos:<\/h3>\t\t\t\t<\/div>\n\t\t\t\t<\/div>\n\t\t\t\t<div class=\"elementor-element elementor-element-0ab391f elementor-widget elementor-widget-button\" data-id=\"0ab391f\" data-element_type=\"widget\" data-e-type=\"widget\" data-widget_type=\"button.default\">\n\t\t\t\t<div class=\"elementor-widget-container\">\n\t\t\t\t\t\t\t\t\t<div class=\"elementor-button-wrapper\">\n\t\t\t\t\t<a class=\"elementor-button elementor-button-link elementor-size-sm\" href=\"#\">\n\t\t\t\t\t\t<span class=\"elementor-button-content-wrapper\">\n\t\t\t\t\t\t<span class=\"elementor-button-icon\">\n\t\t\t\t<i aria-hidden=\"true\" class=\"fas fa-phone-alt\"><\/i>\t\t\t<\/span>\n\t\t\t\t\t\t\t\t\t<span class=\"elementor-button-text\">LLamar<\/span>\n\t\t\t\t\t<\/span>\n\t\t\t\t\t<\/a>\n\t\t\t\t<\/div>\n\t\t\t\t\t\t\t\t<\/div>\n\t\t\t\t<\/div>\n\t\t\t\t<\/div>\n\t\t<div class=\"elementor-element elementor-element-8c1f2f8 e-con-full e-flex e-con e-child\" data-id=\"8c1f2f8\" data-element_type=\"container\" data-e-type=\"container\">\n\t\t\t\t<div class=\"elementor-element elementor-element-9a39e8e elementor-widget elementor-widget-heading\" data-id=\"9a39e8e\" data-element_type=\"widget\" data-e-type=\"widget\" data-widget_type=\"heading.default\">\n\t\t\t\t<div class=\"elementor-widget-container\">\n\t\t\t\t\t<h3 class=\"elementor-heading-title elementor-size-default\">Te llamamos:<\/h3>\t\t\t\t<\/div>\n\t\t\t\t<\/div>\n\t\t\t\t<div class=\"elementor-element elementor-element-ecba385 elementor-button-align-stretch elementor-widget elementor-widget-form\" data-id=\"ecba385\" data-element_type=\"widget\" data-e-type=\"widget\" data-settings=\"{&quot;step_next_label&quot;:&quot;Siguiente&quot;,&quot;step_previous_label&quot;:&quot;Anterior&quot;,&quot;button_width&quot;:&quot;100&quot;,&quot;step_type&quot;:&quot;number_text&quot;,&quot;step_icon_shape&quot;:&quot;circle&quot;}\" data-widget_type=\"form.default\">\n\t\t\t\t<div class=\"elementor-widget-container\">\n\t\t\t\t\t\t\t<form class=\"elementor-form\" method=\"post\" name=\"Nuevo formulario\" aria-label=\"Nuevo formulario\">\n\t\t\t<input type=\"hidden\" name=\"post_id\" value=\"158\"\/>\n\t\t\t<input type=\"hidden\" name=\"form_id\" value=\"ecba385\"\/>\n\t\t\t<input type=\"hidden\" name=\"referer_title\" value=\"Igualdad de g\u00e9nero - Genera Innovaci\u00f3\" \/>\n\n\t\t\t\t\t\t\t<input type=\"hidden\" name=\"queried_id\" value=\"158\"\/>\n\t\t\t\n\t\t\t<div class=\"elementor-form-fields-wrapper elementor-labels-above\">\n\t\t\t\t\t\t\t\t<div class=\"elementor-field-type-text elementor-field-group elementor-column elementor-field-group-name elementor-col-100\">\n\t\t\t\t\t\t\t\t\t\t\t\t\t<input size=\"1\" type=\"text\" name=\"form_fields[name]\" id=\"form-field-name\" class=\"elementor-field elementor-size-sm  elementor-field-textual\" placeholder=\"Nombre\">\n\t\t\t\t\t\t\t\t\t\t\t<\/div>\n\t\t\t\t\t\t\t\t<div class=\"elementor-field-type-tel elementor-field-group elementor-column elementor-field-group-field_99be3e5 elementor-col-100\">\n\t\t\t\t\t\t\t<input size=\"1\" type=\"tel\" name=\"form_fields[field_99be3e5]\" id=\"form-field-field_99be3e5\" class=\"elementor-field elementor-size-sm  elementor-field-textual\" placeholder=\"Tel\u00e9fono\" pattern=\"[0-9()#&amp;+*-=.]+\" title=\"Solo se aceptan n\u00fameros y caracteres de tel\u00e9fono (#,-,*,etc).\">\n\n\t\t\t\t\t\t<\/div>\n\t\t\t\t\t\t\t\t<div class=\"elementor-field-type-acceptance elementor-field-group elementor-column elementor-field-group-field_89d43ac elementor-col-100 elementor-field-required\">\n\t\t\t\t\t\t\t<div class=\"elementor-field-subgroup\">\n\t\t\t<span class=\"elementor-field-option\">\n\t\t\t\t<input type=\"checkbox\" name=\"form_fields[field_89d43ac]\" id=\"form-field-field_89d43ac\" class=\"elementor-field elementor-size-sm  elementor-acceptance-field\" required=\"required\">\n\t\t\t\t<label for=\"form-field-field_89d43ac\">He le\u00eddo y acepto la <a style=\"color:white; text-decoration:underline;\" href=\"\/es\/politica-de-privacidad\/\">Pol\u00edtica de Privacidad<\/a> del sitio web.<\/label>\t\t\t<\/span>\n\t\t<\/div>\n\t\t\t\t\t\t<\/div>\n\t\t\t\t\t\t\t\t<div class=\"elementor-field-group elementor-column elementor-field-type-submit elementor-col-100 e-form__buttons\">\n\t\t\t\t\t<button class=\"elementor-button elementor-size-sm\" type=\"submit\">\n\t\t\t\t\t\t<span class=\"elementor-button-content-wrapper\">\n\t\t\t\t\t\t\t\t\t\t\t\t\t\t\t\t\t\t\t\t\t\t<span class=\"elementor-button-text\">Enviar<\/span>\n\t\t\t\t\t\t\t\t\t\t\t\t\t<\/span>\n\t\t\t\t\t<\/button>\n\t\t\t\t<\/div>\n\t\t\t<\/div>\n\t\t<\/form>\n\t\t\t\t\t\t<\/div>\n\t\t\t\t<\/div>\n\t\t\t\t<\/div>\n\t\t\t\t<\/div>\n\t\t\t\t\t<\/div>\n\t\t\t\t<\/div>\n\t\t\t\t<\/div>\n\t\t","protected":false},"excerpt":{"rendered":"<p>IGUALDAD DE G\u00c9NERO Planes de igualdad, auditor\u00edas retributivas y formaci\u00f3n especializada para entidades p\u00fablicas y privadas. Consultor\u00eda experta en la implementaci\u00f3n de igualdad de g\u00e9nero en las organizaciones. Elaboraci\u00f3n de planes de igualdad, protocolos de acoso, registros retributivos y auditor\u00edas retributivas desde la perspectiva de g\u00e9nero, desde 2012.\u00a0 Nuestros Servicios: Consultor\u00eda y Formaci\u00f3n Planes de [&hellip;]<\/p>\n","protected":false},"author":1,"featured_media":0,"parent":0,"menu_order":0,"comment_status":"closed","ping_status":"closed","template":"elementor_header_footer","meta":{"_acf_changed":false,"footnotes":""},"class_list":["post-158","page","type-page","status-publish","hentry"],"acf":[],"_links":{"self":[{"href":"https:\/\/generainnovacio.com\/es\/wp-json\/wp\/v2\/pages\/158","targetHints":{"allow":["GET"]}}],"collection":[{"href":"https:\/\/generainnovacio.com\/es\/wp-json\/wp\/v2\/pages"}],"about":[{"href":"https:\/\/generainnovacio.com\/es\/wp-json\/wp\/v2\/types\/page"}],"author":[{"embeddable":true,"href":"https:\/\/generainnovacio.com\/es\/wp-json\/wp\/v2\/users\/1"}],"replies":[{"embeddable":true,"href":"https:\/\/generainnovacio.com\/es\/wp-json\/wp\/v2\/comments?post=158"}],"version-history":[{"count":101,"href":"https:\/\/generainnovacio.com\/es\/wp-json\/wp\/v2\/pages\/158\/revisions"}],"predecessor-version":[{"id":2710,"href":"https:\/\/generainnovacio.com\/es\/wp-json\/wp\/v2\/pages\/158\/revisions\/2710"}],"wp:attachment":[{"href":"https:\/\/generainnovacio.com\/es\/wp-json\/wp\/v2\/media?parent=158"}],"curies":[{"name":"wp","href":"https:\/\/api.w.org\/{rel}","templated":true}]}}