{"id":2570,"date":"2025-10-31T12:55:11","date_gmt":"2025-10-31T11:55:11","guid":{"rendered":"https:\/\/generainnovacio.com\/uneix-te-al-nostre-equip\/"},"modified":"2026-01-29T12:21:20","modified_gmt":"2026-01-29T11:21:20","slug":"unete-a-nuestro-equipo","status":"publish","type":"page","link":"https:\/\/generainnovacio.com\/es\/unete-a-nuestro-equipo\/","title":{"rendered":"\u00danete a nuestro equipo"},"content":{"rendered":"\t\t<div data-elementor-type=\"wp-page\" data-elementor-id=\"2570\" class=\"elementor elementor-2570 elementor-2550\" data-elementor-post-type=\"page\">\n\t\t\t\t<div class=\"elementor-element elementor-element-6b4c965 e-flex e-con-boxed e-con e-parent\" data-id=\"6b4c965\" data-element_type=\"container\" data-e-type=\"container\">\n\t\t\t\t\t<div class=\"e-con-inner\">\n\t\t\t\t<div class=\"elementor-element elementor-element-717c75d elementor-widget elementor-widget-heading\" data-id=\"717c75d\" data-element_type=\"widget\" data-e-type=\"widget\" data-widget_type=\"heading.default\">\n\t\t\t\t<div class=\"elementor-widget-container\">\n\t\t\t\t\t<h2 class=\"elementor-heading-title elementor-size-default\">\u00danete a nuestro equipo<\/h2>\t\t\t\t<\/div>\n\t\t\t\t<\/div>\n\t\t<div class=\"elementor-element elementor-element-2799062 e-con-full e-flex e-con e-child\" data-id=\"2799062\" data-element_type=\"container\" data-e-type=\"container\">\n\t\t\t\t<div class=\"elementor-element elementor-element-b3e5abd elementor-widget elementor-widget-text-editor\" data-id=\"b3e5abd\" data-element_type=\"widget\" data-e-type=\"widget\" data-widget_type=\"text-editor.default\">\n\t\t\t\t<div class=\"elementor-widget-container\">\n\t\t\t\t\t\t\t\t\t<p>En Genera Innovaci\u00f3 <strong>valoramos el talento, la pasi\u00f3n y las ganas de crecer profesionalmente.<\/strong> Creemos en las personas como motor del cambio y en los distintos equipos como fuente de innovaci\u00f3n.<\/p><p>Si est\u00e1s buscando nuevas oportunidades profesionales o <strong>quieres formar parte de un proyecto comprometido con la igualdad de g\u00e9nero y la gesti\u00f3n p\u00fablica<\/strong> transformadora, este es tu espacio.<\/p><p><strong>\u00a1Consulta las vacantes activas o env\u00edanos tu candidatura para sumarte a nuestro equipo!<\/strong><\/p>\t\t\t\t\t\t\t\t<\/div>\n\t\t\t\t<\/div>\n\t\t\t\t<div class=\"elementor-element elementor-element-53a7e52 elementor-align-left elementor-widget elementor-widget-button\" data-id=\"53a7e52\" data-element_type=\"widget\" data-e-type=\"widget\" data-widget_type=\"button.default\">\n\t\t\t\t<div class=\"elementor-widget-container\">\n\t\t\t\t\t\t\t\t\t<div class=\"elementor-button-wrapper\">\n\t\t\t\t\t<a class=\"elementor-button elementor-button-link elementor-size-sm\" href=\"#elementor-action%3Aaction%3Dpopup%3Aopen%26settings%3DeyJpZCI6MjYyMywidG9nZ2xlIjpmYWxzZX0%3D\">\n\t\t\t\t\t\t<span class=\"elementor-button-content-wrapper\">\n\t\t\t\t\t\t<span class=\"elementor-button-icon\">\n\t\t\t\t<i aria-hidden=\"true\" class=\"fas fa-long-arrow-alt-right\"><\/i>\t\t\t<\/span>\n\t\t\t\t\t\t\t\t\t<span class=\"elementor-button-text\">Enviar curr\u00edculum<\/span>\n\t\t\t\t\t<\/span>\n\t\t\t\t\t<\/a>\n\t\t\t\t<\/div>\n\t\t\t\t\t\t\t\t<\/div>\n\t\t\t\t<\/div>\n\t\t\t\t<\/div>\n\t\t<div class=\"elementor-element elementor-element-904b470 e-con-full e-flex e-con e-child\" data-id=\"904b470\" data-element_type=\"container\" data-e-type=\"container\">\n\t\t\t\t<div class=\"elementor-element elementor-element-fce6525 elementor-grid-1 elementor-grid-tablet-1 elementor-grid-mobile-1 elementor-widget elementor-widget-loop-grid\" data-id=\"fce6525\" data-element_type=\"widget\" data-e-type=\"widget\" data-settings=\"{&quot;template_id&quot;:2558,&quot;columns&quot;:1,&quot;columns_tablet&quot;:1,&quot;_skin&quot;:&quot;post&quot;,&quot;columns_mobile&quot;:&quot;1&quot;,&quot;edit_handle_selector&quot;:&quot;[data-elementor-type=\\&quot;loop-item\\&quot;]&quot;,&quot;row_gap&quot;:{&quot;unit&quot;:&quot;px&quot;,&quot;size&quot;:&quot;&quot;,&quot;sizes&quot;:[]},&quot;row_gap_tablet&quot;:{&quot;unit&quot;:&quot;px&quot;,&quot;size&quot;:&quot;&quot;,&quot;sizes&quot;:[]},&quot;row_gap_mobile&quot;:{&quot;unit&quot;:&quot;px&quot;,&quot;size&quot;:&quot;&quot;,&quot;sizes&quot;:[]}}\" data-widget_type=\"loop-grid.post\">\n\t\t\t\t<div class=\"elementor-widget-container\">\n\t\t\t\t\t\t\t<div class=\"e-loop-nothing-found-message\">\n\t\t<\/div>\n\t\t\t\t\t\t<\/div>\n\t\t\t\t<\/div>\n\t\t\t\t<\/div>\n\t\t\t\t\t<\/div>\n\t\t\t\t<\/div>\n\t\t\t\t<\/div>\n\t\t","protected":false},"excerpt":{"rendered":"<p>En Genera Innovaci\u00f3 valoramos el talento, la pasi\u00f3n y las ganas de crecer profesionalmente. Creemos en las personas como motor del cambio y en los distintos equipos como fuente de innovaci\u00f3n. Si est\u00e1s buscando nuevas oportunidades profesionales o quieres formar parte de un proyecto comprometido con la igualdad de g\u00e9nero y la gesti\u00f3n p\u00fablica transformadora, [&hellip;]<\/p>\n","protected":false},"author":1,"featured_media":0,"parent":0,"menu_order":0,"comment_status":"closed","ping_status":"closed","template":"elementor_header_footer","meta":{"_acf_changed":false,"footnotes":""},"class_list":["post-2570","page","type-page","status-publish","hentry"],"acf":[],"_links":{"self":[{"href":"https:\/\/generainnovacio.com\/es\/wp-json\/wp\/v2\/pages\/2570","targetHints":{"allow":["GET"]}}],"collection":[{"href":"https:\/\/generainnovacio.com\/es\/wp-json\/wp\/v2\/pages"}],"about":[{"href":"https:\/\/generainnovacio.com\/es\/wp-json\/wp\/v2\/types\/page"}],"author":[{"embeddable":true,"href":"https:\/\/generainnovacio.com\/es\/wp-json\/wp\/v2\/users\/1"}],"replies":[{"embeddable":true,"href":"https:\/\/generainnovacio.com\/es\/wp-json\/wp\/v2\/comments?post=2570"}],"version-history":[{"count":10,"href":"https:\/\/generainnovacio.com\/es\/wp-json\/wp\/v2\/pages\/2570\/revisions"}],"predecessor-version":[{"id":2806,"href":"https:\/\/generainnovacio.com\/es\/wp-json\/wp\/v2\/pages\/2570\/revisions\/2806"}],"wp:attachment":[{"href":"https:\/\/generainnovacio.com\/es\/wp-json\/wp\/v2\/media?parent=2570"}],"curies":[{"name":"wp","href":"https:\/\/api.w.org\/{rel}","templated":true}]}}