{"id":3,"date":"2023-08-03T11:46:14","date_gmt":"2023-08-03T09:46:14","guid":{"rendered":"https:\/\/dev2.ideos.cat\/innova\/?page_id=3"},"modified":"2026-01-29T12:10:54","modified_gmt":"2026-01-29T11:10:54","slug":"politica-de-privacidad","status":"publish","type":"page","link":"https:\/\/generainnovacio.com\/es\/politica-de-privacidad\/","title":{"rendered":"Pol\u00edtica de Privacidad"},"content":{"rendered":"\t\t<div data-elementor-type=\"wp-page\" data-elementor-id=\"3\" class=\"elementor elementor-3\" data-elementor-post-type=\"page\">\n\t\t\t\t<div class=\"elementor-element elementor-element-8cc4c19 e-flex e-con-boxed e-con e-parent\" data-id=\"8cc4c19\" data-element_type=\"container\" data-e-type=\"container\">\n\t\t\t\t\t<div class=\"e-con-inner\">\n\t\t\t\t<div class=\"elementor-element elementor-element-5d22e3c elementor-widget elementor-widget-heading\" data-id=\"5d22e3c\" data-element_type=\"widget\" data-e-type=\"widget\" data-widget_type=\"heading.default\">\n\t\t\t\t<div class=\"elementor-widget-container\">\n\t\t\t\t\t<h1 class=\"elementor-heading-title elementor-size-default\">Pol\u00edtica de Privacidad<\/h1>\t\t\t\t<\/div>\n\t\t\t\t<\/div>\n\t\t\t\t<div class=\"elementor-element elementor-element-34b3fe0 elementor-widget elementor-widget-text-editor\" data-id=\"34b3fe0\" data-element_type=\"widget\" data-e-type=\"widget\" data-widget_type=\"text-editor.default\">\n\t\t\t\t<div class=\"elementor-widget-container\">\n\t\t\t\t\t\t\t\t\t<p>En cumplimiento del Cap\u00edtulo II de la Ley 34\/2002, LSSICE, les informamos que la presente p\u00e1gina web es de propiedad de GENERA INNOVACI\u00d3, SCCL, en adelante el Prestador, domiciliado en P.I. Pla de Solans, 14, 43519 El Perell\u00f3 , con CIF: F55586218 , Tel\u00e9fono: 977 491 033 y direcci\u00f3n electr\u00f3nica administracio@generainnovacio .com.<\/p><p><strong>GENERA INNOVACI\u00d3, SCCL<\/strong> , como responsable del presente sitio web y de conformidad con lo establecido en la normativa vigente en materia de protecci\u00f3n de datos personales, el Reglamento (UE) 2016\/679 de 27 de abril de 2016 (RGPD) relativo a la protecci\u00f3n de las personas f\u00edsicas en materia de tratamiento de datos personales y la libre circulaci\u00f3n de estos, la Ley Org\u00e1nica 15\/1999, de 13 de diciembre, de Protecci\u00f3n de Datos de Car\u00e1cter Personal (LOPD ) y la Ley 34\/2002, de 11 de julio, de Servicios de la Sociedad de la Informaci\u00f3n y el Comercio Electr\u00f3nico (LSSICE), tiene implementadas todas las medidas de seguridad, de \u00edndole t\u00e9cnica y organizativas, establecidas en el Real decreto 1720\/2007 de 21 de diciembre, (que desarrolla la LOPD) para garantizar y proteger la confidencialidad, integridad y disponibilidad de los datos introducidos.<\/p><p>A efectos de que prev\u00e9 la LOPD, GENERA INNOVACI\u00d3N, SCCL. Le informa que los datos que voluntariamente nos est\u00e1 facilitando ser\u00e1n incorporados a nuestros sistemas de informaci\u00f3n con el fin de realizar las gestiones comerciales y administrativas necesarias con las personas usuarias de la web; Las operaciones previstas para realizar los tratamientos son los siguientes: responder a las consultas y\/o proporcionar informaciones requeridas por el usuario; realizar las prestaciones de servicios y\/o productos contratados o suscritos por la persona usuaria; realizar todas aquellas actividades propias de GENERA INNOVACI\u00d3, SCCL por el presente aviso legal rese\u00f1adas y remitir el bolet\u00edn de noticias de la p\u00e1gina web.<\/p><p>El firmante garantiza la veracidad de los datos aportados y se compromete a comunicar cualquier cambio que se produzca en los mismos.<\/p><p>El Prestador, mediante asterisco (*) en las casillas correspondientes del formulario de contacto, le informa de esta obligatoriedad a la persona usuaria, indicando que datos son necesarios. Mediante la indicaci\u00f3n e introducci\u00f3n de los datos, la persona usuaria otorga el consentimiento inequ\u00edvoco a GENERA INNOVACI\u00d3, SCCL para que proceda al tratamiento de los datos facilitados en pro de los fines mencionados.<\/p><p>El no facilitar los datos personales solicitados o no aceptar la presente pol\u00edtica de protecci\u00f3n de datos supone la imposibilidad de suscribirse, registrarse o recibir informaci\u00f3n de los productos y servicios del Prestador.<\/p><p>De conformidad con lo dispuesto en las normativas vigentes en protecci\u00f3n de datos personales, el Prestador est\u00e1 cumpliendo con todas las disposiciones de las normativas RGPD y LOPD para el tratamiento de los datos personales de su responsabilidad, y manifiestamente con los principios descritos en el arte. 5 del RGPD y en el art. 4 de la LOPD, por los que son tratados de forma l\u00edcita, leal y transparente en relaci\u00f3n con el interesado y adecuadas, pertinentes y limitados a lo necesario en relaci\u00f3n con las finalidades por las que son tratados.<\/p><p>El RESPONSABLE garantiza que ha implementado pol\u00edticas t\u00e9cnicas y organizativas apropiadas para aplicar las medidas de seguridad establecidas por el RGPD y la LOPD para proteger los derechos y libertades de los Usuarios.<\/p><p>De acuerdo con estas normativas, pues, le informamos que tiene derecho a solicitar el acceso, rectificaci\u00f3n, portabilidad y supresi\u00f3n de sus datos y la limitaci\u00f3n y oposici\u00f3n a su tratamiento dirigi\u00e9ndose a P.I. Pla de Solans, 14, 43519 El Perell\u00f3 o enviando un correo electr\u00f3nico a administracio@generainnovacio.comindicando como asunto: \u00abLOPD, Derechos ARCO\u00bb, y adjuntando fotocopia de su DNI o cualquier medio an\u00e1logo en derecho, tal y como indica la ley. Tiene derecho a retirar el consentimiento prestado en cualquier momento. La retirada del consentimiento no afectar\u00e1 a la licitud del tratamiento efectuado antes de la retirada del consentimiento. Tambi\u00e9n tiene derecho a presentar una reclamaci\u00f3n ante la autoridad de control si considera que pueden haberse visto vulnerados sus derechos en relaci\u00f3n con la protecci\u00f3n de sus datos (agpd.es).<\/p><h2>CONFIDENCIALIDAD Y CESI\u00d3N DE DATOS A TERCEROS<\/h2><p>Los datos que nos facilite se tratar\u00e1n de forma confidencial. El Prestador ha adoptado todas las medidas t\u00e9cnicas y organizativas y todos los niveles de protecci\u00f3n necesarios para garantizar la seguridad en el tratamiento de los datos y evitar su alteraci\u00f3n, p\u00e9rdida, robo, tratamiento o acceso no autorizado, de acuerdo con el estado de la tecnolog\u00eda y naturaleza de los datos almacenados. Asimismo, se garantiza tambi\u00e9n que el tratamiento y registro en ficheros, programas, sistemas o equipos, locales y centros cumplen con los requisitos y condiciones de integridad y seguridad establecidas en la normativa vigente.<\/p><p><strong>GENERA INNOVACI\u00d3, SCCL<\/strong> no ceder\u00e1 los datos personales a terceros, salvo por obligaci\u00f3n legal. No obstante, en caso de ser cedidos a alg\u00fan tercero se producir\u00eda una informaci\u00f3n previa solicitando el consentimiento expreso para tal cesi\u00f3n. La entidad responsable de la base de datos, as\u00ed como los que intervengan en cualquier fase del tratamiento y\/o las entidades a quienes les haya comunicado -en todo caso siempre con la correspondiente autorizaci\u00f3n otorgada por la persona usuaria, est\u00e1n obligadas a observar el secreto profesional ya la adopci\u00f3n de los niveles de protecci\u00f3n y las medidas t\u00e9cnicas y organizativas necesarias a su alcance para garantizar la seguridad de los datos de car\u00e1cter personal, evitando, en la medida de lo posible, accesos no autorizados, modificaciones il\u00edcitas, sustracciones y\/o la p\u00e9rdida de los datos.<\/p><h2>ACEPTACI\u00d3N Y CONSENTIMIENTO<\/h2><p>El Usuario declara haber sido informado de las condiciones sobre protecci\u00f3n de datos de car\u00e1cter personal, aceptando y consintiendo el tratamiento automatizado de los mismos por parte de <strong>GENERA INNOVACI\u00d3, SCCL<\/strong> en la forma y para las finalidades indicadas en la presente Pol\u00edtica de Protecci\u00f3n de Datos Personales.<\/p><p>A trav\u00e9s de esta Pol\u00edtica de Privacidad le informamos que las fotograf\u00edas que est\u00e9n colgadas en la web son propiedad de GENERA INNOVACI\u00d3, SCCL , incluyendo las de los menores, en las que, para su obtenci\u00f3n, se ha obtenido el consentimiento previo de los padres, tutores o representantes legales mediante la firma de los formularios realizados al efecto. Sin embargo, los padres, tutores o representantes de los menores, como titulares del ejercicio de los derechos de estos, y siempre previo requerimiento formal por escrito, pueden indicar la negativa al uso de la imagen del menor; en ese caso, la imagen se mostrar\u00e1 pixelado.<\/p><h2>EXACTITUD Y VERACIDAD DE LOS DATOS<\/h2><p>El usuario es el \u00fanico responsable de la veracidad y correcci\u00f3n de los datos que remita a GENERA INNOVACI\u00d3, SCCL , exonerando al Prestador de cualquier responsabilidad al respecto. Los usuarios garantizan y responden, en cualquier caso, de la exactitud, vigencia y autenticidad de los datos personales facilitados, comprometi\u00e9ndose a mantenerlos debidamente actualizados. El usuario acepta proporcionar informaci\u00f3n completa y correcta en el formulario de registro o suscripci\u00f3n.\u00a0\u00a0<\/p>\t\t\t\t\t\t\t\t<\/div>\n\t\t\t\t<\/div>\n\t\t\t\t\t<\/div>\n\t\t\t\t<\/div>\n\t\t\t\t<\/div>\n\t\t","protected":false},"excerpt":{"rendered":"<p>En cumplimiento del Cap\u00edtulo II de la Ley 34\/2002, LSSICE, les informamos que la presente p\u00e1gina web es de propiedad de GENERA INNOVACI\u00d3, SCCL, en adelante el Prestador, domiciliado en P.I. Pla de Solans, 14, 43519 El Perell\u00f3 , con CIF: F55586218 , Tel\u00e9fono: 977 491 033 y direcci\u00f3n electr\u00f3nica administracio@generainnovacio .com. GENERA INNOVACI\u00d3, SCCL [&hellip;]<\/p>\n","protected":false},"author":1,"featured_media":0,"parent":0,"menu_order":0,"comment_status":"closed","ping_status":"open","template":"elementor_header_footer","meta":{"_acf_changed":false,"footnotes":""},"class_list":["post-3","page","type-page","status-publish","hentry"],"acf":[],"_links":{"self":[{"href":"https:\/\/generainnovacio.com\/es\/wp-json\/wp\/v2\/pages\/3","targetHints":{"allow":["GET"]}}],"collection":[{"href":"https:\/\/generainnovacio.com\/es\/wp-json\/wp\/v2\/pages"}],"about":[{"href":"https:\/\/generainnovacio.com\/es\/wp-json\/wp\/v2\/types\/page"}],"author":[{"embeddable":true,"href":"https:\/\/generainnovacio.com\/es\/wp-json\/wp\/v2\/users\/1"}],"replies":[{"embeddable":true,"href":"https:\/\/generainnovacio.com\/es\/wp-json\/wp\/v2\/comments?post=3"}],"version-history":[{"count":29,"href":"https:\/\/generainnovacio.com\/es\/wp-json\/wp\/v2\/pages\/3\/revisions"}],"predecessor-version":[{"id":2790,"href":"https:\/\/generainnovacio.com\/es\/wp-json\/wp\/v2\/pages\/3\/revisions\/2790"}],"wp:attachment":[{"href":"https:\/\/generainnovacio.com\/es\/wp-json\/wp\/v2\/media?parent=3"}],"curies":[{"name":"wp","href":"https:\/\/api.w.org\/{rel}","templated":true}]}}